{"id":510,"date":"2020-03-16T17:44:16","date_gmt":"2020-03-16T17:44:16","guid":{"rendered":"https:\/\/herreraymorenoabogados.com\/inicio\/"},"modified":"2020-05-19T10:56:51","modified_gmt":"2020-05-19T10:56:51","slug":"inicio","status":"publish","type":"page","link":"https:\/\/herreraymorenoabogados.com\/en\/","title":{"rendered":"Launch"},"content":{"rendered":"<p>[et_pb_section fb_built=&#8221;1&#8243; _builder_version=&#8221;4.4.2&#8243; background_image=&#8221;https:\/\/herreraymorenoabogados.com\/wp-content\/uploads\/2020\/04\/slider.jpg&#8221;][et_pb_row column_structure=&#8221;1_2,1_2&#8243; _builder_version=&#8221;4.4.2&#8243; animation_style=&#8221;slide&#8221;][et_pb_column type=&#8221;1_2&#8243; _builder_version=&#8221;4.4.2&#8243;][\/et_pb_column][et_pb_column type=&#8221;1_2&#8243; _builder_version=&#8221;4.4.2&#8243; background_enable_color=&#8221;off&#8221; custom_padding=&#8221;10px|10px|10px|10px|true|true&#8221; border_width_all=&#8221;3px&#8221; border_color_all=&#8221;#ffffff&#8221; custom_padding__hover_enabled=&#8221;off|desktop&#8221;][et_pb_cta title=&#8221;HERRERA Y MORENO ABOGADOS&#8221; button_url=&#8221;https:\/\/herreraymorenoabogados.com\/contacto\/&#8221; button_text=&#8221;Contact&#8221; _builder_version=&#8221;4.4.6&#8243; header_level=&#8221;h1&#8243; header_font=&#8221;|700|||||||&#8221; header_text_align=&#8221;left&#8221; header_line_height=&#8221;1.3em&#8221; body_text_color=&#8221;#444444&#8243; body_font_size=&#8221;16px&#8221; background_color=&#8221;rgba(255,255,255,0.6)&#8221; button_alignment=&#8221;center&#8221; text_orientation=&#8221;left&#8221; background_layout=&#8221;light&#8221;]<\/p>\n<p>Is a law firm within headquarters in Mijas , Malaga Spain. Situated in the main core of the Costa del Sol. They provide a personalized  and independent  service , always adjusted to the specific needs of their clients<\/p>\n<p>[\/et_pb_cta][\/et_pb_column][\/et_pb_row][\/et_pb_section][et_pb_section fb_built=&#8221;1&#8243; _builder_version=&#8221;3.22&#8243;][et_pb_row _builder_version=&#8221;3.25&#8243; background_size=&#8221;initial&#8221; background_position=&#8221;top_left&#8221; background_repeat=&#8221;repeat&#8221;][et_pb_column type=&#8221;4_4&#8243; _builder_version=&#8221;3.25&#8243; custom_padding=&#8221;|||&#8221; custom_padding__hover=&#8221;|||&#8221;][et_pb_text _builder_version=&#8221;4.4.6&#8243; background_size=&#8221;initial&#8221; background_position=&#8221;top_left&#8221; background_repeat=&#8221;repeat&#8221; vertical_offset_tablet=&#8221;0&#8243; horizontal_offset_tablet=&#8221;0&#8243; text_orientation=&#8221;justified&#8221; z_index_tablet=&#8221;0&#8243; text_text_shadow_horizontal_length_tablet=&#8221;0px&#8221; text_text_shadow_vertical_length_tablet=&#8221;0px&#8221; text_text_shadow_blur_strength_tablet=&#8221;1px&#8221; link_text_shadow_horizontal_length_tablet=&#8221;0px&#8221; link_text_shadow_vertical_length_tablet=&#8221;0px&#8221; link_text_shadow_blur_strength_tablet=&#8221;1px&#8221; ul_text_shadow_horizontal_length_tablet=&#8221;0px&#8221; ul_text_shadow_vertical_length_tablet=&#8221;0px&#8221; ul_text_shadow_blur_strength_tablet=&#8221;1px&#8221; ol_text_shadow_horizontal_length_tablet=&#8221;0px&#8221; ol_text_shadow_vertical_length_tablet=&#8221;0px&#8221; ol_text_shadow_blur_strength_tablet=&#8221;1px&#8221; quote_text_shadow_horizontal_length_tablet=&#8221;0px&#8221; quote_text_shadow_vertical_length_tablet=&#8221;0px&#8221; quote_text_shadow_blur_strength_tablet=&#8221;1px&#8221; header_text_shadow_horizontal_length_tablet=&#8221;0px&#8221; header_text_shadow_vertical_length_tablet=&#8221;0px&#8221; header_text_shadow_blur_strength_tablet=&#8221;1px&#8221; header_2_text_shadow_horizontal_length_tablet=&#8221;0px&#8221; header_2_text_shadow_vertical_length_tablet=&#8221;0px&#8221; header_2_text_shadow_blur_strength_tablet=&#8221;1px&#8221; header_3_text_shadow_horizontal_length_tablet=&#8221;0px&#8221; header_3_text_shadow_vertical_length_tablet=&#8221;0px&#8221; header_3_text_shadow_blur_strength_tablet=&#8221;1px&#8221; header_4_text_shadow_horizontal_length_tablet=&#8221;0px&#8221; header_4_text_shadow_vertical_length_tablet=&#8221;0px&#8221; header_4_text_shadow_blur_strength_tablet=&#8221;1px&#8221; header_5_text_shadow_horizontal_length_tablet=&#8221;0px&#8221; header_5_text_shadow_vertical_length_tablet=&#8221;0px&#8221; header_5_text_shadow_blur_strength_tablet=&#8221;1px&#8221; header_6_text_shadow_horizontal_length_tablet=&#8221;0px&#8221; header_6_text_shadow_vertical_length_tablet=&#8221;0px&#8221; header_6_text_shadow_blur_strength_tablet=&#8221;1px&#8221; box_shadow_horizontal_tablet=&#8221;0px&#8221; box_shadow_vertical_tablet=&#8221;0px&#8221; box_shadow_blur_tablet=&#8221;40px&#8221; box_shadow_spread_tablet=&#8221;0px&#8221;]<\/p>\n<p>Its professionals offer continuous permanent consultancy,  efficient and rapid response , so that  you can delegate with total confidence your legal affairs and business ones too, in the hands of experts.<\/p>\n<p>Likewise the firm caters clients non-residents in our country, especially Englishmen and from other European nationalities, providing the counselling plus the attendance to ensure a transaction property development secure and adequate.<\/p>\n<p>[\/et_pb_text][\/et_pb_column][\/et_pb_row][et_pb_row _builder_version=&#8221;4.4.1&#8243;][et_pb_column type=&#8221;4_4&#8243; _builder_version=&#8221;4.4.1&#8243;][et_pb_text admin_label=&#8221;anuncio\/blockquote&#8221; _builder_version=&#8221;4.4.6&#8243; header_3_line_height=&#8221;1.3em&#8221; header_4_line_height=&#8221;1.3em&#8221; text_orientation=&#8221;center&#8221;]<\/p>\n<blockquote>\n<h3><strong>HERRERA AND MORENO ABOGADOS:<\/strong><\/h3>\n<h3>From 1996. An Office with international vocation.<\/h3>\n<\/blockquote>\n<p>[\/et_pb_text][\/et_pb_column][\/et_pb_row][\/et_pb_section][et_pb_section fb_built=&#8221;1&#8243; next_background_color=&#8221;#f4f4f4&#8243; _builder_version=&#8221;4.4.2&#8243; background_color=&#8221;#400000&#8243; custom_padding=&#8221;75px||75px||true|false&#8221; top_divider_style=&#8221;wave2&#8243; top_divider_color=&#8221;#ffffff&#8221; bottom_divider_style=&#8221;wave2&#8243; bottom_divider_flip=&#8221;horizontal&#8221; locked=&#8221;off&#8221;][et_pb_row column_structure=&#8221;1_2,1_2&#8243; _builder_version=&#8221;4.4.2&#8243;][et_pb_column type=&#8221;1_2&#8243; _builder_version=&#8221;4.4.2&#8243;][et_pb_blurb title=&#8221;Telephone&#8221; url=&#8221;tel:+34952486298&#8243; use_icon=&#8221;on&#8221; font_icon=&#8221;%%264%%&#8221; icon_color=&#8221;#ffffff&#8221; use_circle=&#8221;on&#8221; circle_color=&#8221;#400000&#8243; use_circle_border=&#8221;on&#8221; circle_border_color=&#8221;#ffffff&#8221; _builder_version=&#8221;4.4.6&#8243; text_orientation=&#8221;center&#8221; background_layout=&#8221;dark&#8221; icon_color__hover_enabled=&#8221;on|hover&#8221; icon_color__hover=&#8221;#a0a09d&#8221; circle_border_color__hover_enabled=&#8221;on|desktop&#8221; circle_border_color__hover=&#8221;#a0a09d&#8221; circle_color__hover_enabled=&#8221;on|hover&#8221; circle_color__hover=&#8221;#ffffff&#8221;]<\/p>\n<p>952 486 298<\/p>\n<p>[\/et_pb_blurb][\/et_pb_column][et_pb_column type=&#8221;1_2&#8243; _builder_version=&#8221;4.4.2&#8243;][et_pb_blurb title=&#8221;E-mail&#8221; url=&#8221;mailto:herrera_moreno_abogados@hotmail.com&#8221; use_icon=&#8221;on&#8221; font_icon=&#8221;%%238%%&#8221; icon_color=&#8221;#ffffff&#8221; use_circle=&#8221;on&#8221; circle_color=&#8221;#400000&#8243; use_circle_border=&#8221;on&#8221; circle_border_color=&#8221;#ffffff&#8221; _builder_version=&#8221;4.4.2&#8243; text_orientation=&#8221;center&#8221; background_layout=&#8221;dark&#8221; icon_color__hover=&#8221;#a0a09d&#8221; icon_color__hover_enabled=&#8221;on|hover&#8221; circle_border_color__hover=&#8221;#a0a09d&#8221; circle_border_color__hover_enabled=&#8221;on|desktop&#8221; circle_color__hover_enabled=&#8221;on|hover&#8221; circle_color__hover=&#8221;#ffffff&#8221;]<\/p>\n<p>herrera_moreno_abogados@hotmail.com<\/p>\n<p>[\/et_pb_blurb][\/et_pb_column][\/et_pb_row][et_pb_row _builder_version=&#8221;4.4.1&#8243;][et_pb_column type=&#8221;4_4&#8243; _builder_version=&#8221;4.4.1&#8243;][et_pb_text admin_label=&#8221;anuncio\/blockquote&#8221; _builder_version=&#8221;4.4.6&#8243; header_3_line_height=&#8221;1.3em&#8221; header_4_font_size=&#8221;22px&#8221; header_4_line_height=&#8221;1.3em&#8221; text_orientation=&#8221;center&#8221; background_layout=&#8221;dark&#8221;]<\/p>\n<h4>We listen attentively. We guarantee the dedication and attention that your case requires. <\/h4>\n<p>[\/et_pb_text][\/et_pb_column][\/et_pb_row][\/et_pb_section][et_pb_section fb_built=&#8221;1&#8243; _builder_version=&#8221;4.4.2&#8243; background_color=&#8221;#f4f4f4&#8243;][et_pb_row column_structure=&#8221;1_3,1_3,1_3&#8243; make_equal=&#8221;on&#8221; _builder_version=&#8221;4.4.2&#8243;][et_pb_column type=&#8221;1_3&#8243; _builder_version=&#8221;4.4.2&#8243; background_color=&#8221;#ffffff&#8221; custom_padding=&#8221;20px|20px|20px|20px|true|true&#8221; border_radii=&#8221;on|20px|20px|20px|20px&#8221; box_shadow_style=&#8221;preset1&#8243; box_shadow_blur=&#8221;80px&#8221; box_shadow_color=&#8221;rgba(53,75,96,0.15)&#8221; box_shadow_color__hover_enabled=&#8221;on|desktop&#8221; box_shadow_color__hover=&#8221;rgba(53,75,96,0.7)&#8221;][et_pb_blurb title=&#8221;purchase-sale            &#8221; url=&#8221;https:\/\/herreraymorenoabogados.com\/compraventas\/&#8221; use_icon=&#8221;on&#8221; font_icon=&#8221;%%270%%&#8221; icon_color=&#8221;#ffffff&#8221; use_circle=&#8221;on&#8221; _builder_version=&#8221;4.4.6&#8243; header_font=&#8221;|700|||||||&#8221; header_line_height=&#8221;1.2em&#8221; body_link_font=&#8221;|800|||||||&#8221; body_link_text_color=&#8221;#24394a&#8221; text_orientation=&#8221;center&#8221; body_link_text_color__hover_enabled=&#8221;off|desktop&#8221; body_link_text_color__hover=&#8221;#000000&#8243;]<a href=\"https:\/\/herreraymorenoabogados.com\/compraventas\/\">More info<\/a>[\/et_pb_blurb][\/et_pb_column][et_pb_column type=&#8221;1_3&#8243; _builder_version=&#8221;4.4.2&#8243; background_color=&#8221;#ffffff&#8221; custom_padding=&#8221;20px|20px|20px|20px|true|true&#8221; border_radii=&#8221;on|20px|20px|20px|20px&#8221; box_shadow_style=&#8221;preset1&#8243; box_shadow_blur=&#8221;80px&#8221; box_shadow_color=&#8221;rgba(53,75,96,0.15)&#8221; box_shadow_color__hover_enabled=&#8221;on|desktop&#8221; box_shadow_color__hover=&#8221;rgba(53,75,96,0.7)&#8221;][et_pb_blurb title=&#8221;Succession and Wills         &#8221; url=&#8221;https:\/\/herreraymorenoabogados.com\/herencias-testamentos\/&#8221; use_icon=&#8221;on&#8221; font_icon=&#8221;%%273%%&#8221; icon_color=&#8221;#ffffff&#8221; use_circle=&#8221;on&#8221; _builder_version=&#8221;4.4.6&#8243; header_font=&#8221;|700|||||||&#8221; header_line_height=&#8221;1.2em&#8221; body_link_font=&#8221;|800|||||||&#8221; body_link_text_color=&#8221;#24394a&#8221; text_orientation=&#8221;center&#8221; body_link_text_color__hover_enabled=&#8221;off|desktop&#8221; body_link_text_color__hover=&#8221;#000000&#8243;]<a href=\"https:\/\/herreraymorenoabogados.com\/herencias-testamentos\/\"><strong>More info<\/strong><\/a>[\/et_pb_blurb][\/et_pb_column][et_pb_column type=&#8221;1_3&#8243; _builder_version=&#8221;4.4.2&#8243; background_color=&#8221;#ffffff&#8221; custom_padding=&#8221;20px|20px|20px|20px|true|true&#8221; border_radii=&#8221;on|20px|20px|20px|20px&#8221; box_shadow_style=&#8221;preset1&#8243; box_shadow_blur=&#8221;80px&#8221; box_shadow_color=&#8221;rgba(53,75,96,0.15)&#8221; box_shadow_color__hover_enabled=&#8221;on|desktop&#8221; box_shadow_color__hover=&#8221;rgba(53,75,96,0.7)&#8221;][et_pb_blurb title=&#8221;Family law matters       &#8221; url=&#8221;https:\/\/herreraymorenoabogados.com\/derecho-familia\/&#8221; use_icon=&#8221;on&#8221; font_icon=&#8221;%%305%%&#8221; icon_color=&#8221;#ffffff&#8221; use_circle=&#8221;on&#8221; _builder_version=&#8221;4.4.6&#8243; header_font=&#8221;|700|||||||&#8221; header_line_height=&#8221;1.2em&#8221; body_link_font=&#8221;|800|||||||&#8221; body_link_text_color=&#8221;#24394a&#8221; text_orientation=&#8221;center&#8221; body_link_text_color__hover_enabled=&#8221;off|desktop&#8221; body_link_text_color__hover=&#8221;#000000&#8243;]<\/p>\n<p><a href=\"https:\/\/herreraymorenoabogados.com\/derecho-familia\/\"><strong>More info<\/strong><\/a><\/p>\n<p>[\/et_pb_blurb][\/et_pb_column][\/et_pb_row][et_pb_row column_structure=&#8221;1_4,1_4,1_4,1_4&#8243; make_equal=&#8221;on&#8221; _builder_version=&#8221;4.4.2&#8243; max_width=&#8221;100%&#8221;][et_pb_column type=&#8221;1_4&#8243; _builder_version=&#8221;4.4.2&#8243; background_enable_color=&#8221;off&#8221; custom_padding=&#8221;20px|20px|20px|20px|true|true&#8221; box_shadow_color__hover_enabled=&#8221;off|desktop&#8221; box_shadow_color__hover=&#8221;rgba(53,75,96,0.7)&#8221;][\/et_pb_column][et_pb_column type=&#8221;1_4&#8243; _builder_version=&#8221;4.4.2&#8243; background_color=&#8221;#ffffff&#8221; custom_padding=&#8221;20px|20px|20px|20px|true|true&#8221; border_radii=&#8221;on|20px|20px|20px|20px&#8221; box_shadow_style=&#8221;preset1&#8243; box_shadow_blur=&#8221;80px&#8221; box_shadow_color=&#8221;rgba(53,75,96,0.15)&#8221; box_shadow_color__hover_enabled=&#8221;on|desktop&#8221; box_shadow_color__hover=&#8221;rgba(53,75,96,0.7)&#8221;][et_pb_blurb title=&#8221;Civil law&#8221; url=&#8221;https:\/\/herreraymorenoabogados.com\/derecho-civil\/&#8221; use_icon=&#8221;on&#8221; font_icon=&#8221;%%168%%&#8221; icon_color=&#8221;#ffffff&#8221; use_circle=&#8221;on&#8221; _builder_version=&#8221;4.4.6&#8243; header_font=&#8221;|700|||||||&#8221; header_line_height=&#8221;1.2em&#8221; body_link_font=&#8221;|800|||||||&#8221; body_link_text_color=&#8221;#24394a&#8221; text_orientation=&#8221;center&#8221; body_link_text_color__hover_enabled=&#8221;off|desktop&#8221; body_link_text_color__hover=&#8221;#000000&#8243;]<\/p>\n<p><a href=\"https:\/\/herreraymorenoabogados.com\/derecho-civil\/\"><strong>More info                                    <\/strong><\/a><\/p>\n<p>[\/et_pb_blurb][\/et_pb_column][et_pb_column type=&#8221;1_4&#8243; _builder_version=&#8221;4.4.2&#8243; background_color=&#8221;#ffffff&#8221; custom_padding=&#8221;20px|20px|20px|20px|true|true&#8221; border_radii=&#8221;on|20px|20px|20px|20px&#8221; box_shadow_style=&#8221;preset1&#8243; box_shadow_blur=&#8221;80px&#8221; box_shadow_color=&#8221;rgba(53,75,96,0.15)&#8221; box_shadow_color__hover_enabled=&#8221;on|desktop&#8221; box_shadow_color__hover=&#8221;rgba(53,75,96,0.7)&#8221;][et_pb_blurb title=&#8221;Civil claims &#8221; url=&#8221;https:\/\/herreraymorenoabogados.com\/reclamaciones-civiles\/&#8221; use_icon=&#8221;on&#8221; font_icon=&#8221;%%290%%&#8221; icon_color=&#8221;#ffffff&#8221; use_circle=&#8221;on&#8221; _builder_version=&#8221;4.4.6&#8243; header_font=&#8221;|700|||||||&#8221; header_line_height=&#8221;1.2em&#8221; body_link_font=&#8221;|800|||||||&#8221; body_link_text_color=&#8221;#24394a&#8221; text_orientation=&#8221;center&#8221; hover_enabled=&#8221;0&#8243; body_link_text_color__hover_enabled=&#8221;off|desktop&#8221; body_link_text_color__hover=&#8221;#000000&#8243;]<a href=\"https:\/\/herreraymorenoabogados.com\/reclamaciones-civiles\/\">More info<\/a>[\/et_pb_blurb][\/et_pb_column][et_pb_column type=&#8221;1_4&#8243; _builder_version=&#8221;4.4.2&#8243; background_enable_color=&#8221;off&#8221; custom_padding=&#8221;20px|20px|20px|20px|true|true&#8221; box_shadow_color__hover_enabled=&#8221;off|desktop&#8221; box_shadow_color__hover=&#8221;rgba(53,75,96,0.7)&#8221;][\/et_pb_column][\/et_pb_row][\/et_pb_section][et_pb_section fb_built=&#8221;1&#8243; _builder_version=&#8221;4.4.2&#8243; positioning=&#8221;none&#8221;][et_pb_row column_structure=&#8221;1_2,1_2&#8243; make_equal=&#8221;on&#8221; _builder_version=&#8221;4.4.2&#8243; background_enable_color=&#8221;off&#8221; positioning=&#8221;none&#8221; locked=&#8221;off&#8221;][et_pb_column type=&#8221;1_2&#8243; _builder_version=&#8221;4.4.2&#8243; background_color=&#8221;#ffffff&#8221; custom_padding=&#8221;160px|60px|100px|60px|false|true&#8221; custom_padding_tablet=&#8221;50px|30px|50px|30px|true|true&#8221; custom_padding_phone=&#8221;|20px||20px|true|true&#8221; custom_padding_last_edited=&#8221;on|phone&#8221; box_shadow_style=&#8221;preset4&#8243; box_shadow_horizontal=&#8221;220px&#8221; box_shadow_vertical=&#8221;0px&#8221; box_shadow_color=&#8221;#ffffff&#8221;][et_pb_divider divider_weight=&#8221;200px&#8221; disabled_on=&#8221;on|on|off&#8221; _builder_version=&#8221;4.4.2&#8243; positioning=&#8221;absolute&#8221; vertical_offset=&#8221;-86px&#8221; horizontal_offset=&#8221;60px&#8221; width=&#8221;1px&#8221; height=&#8221;200px&#8221; custom_margin=&#8221;||||false|false&#8221; custom_padding=&#8221;|4px||4px|false|true&#8221; scroll_vertical_motion_enable=&#8221;on&#8221; scroll_vertical_motion=&#8221;0|50|50|100|1|0|-1&#8243; motion_trigger_start=&#8221;top&#8221; box_shadow_style=&#8221;preset7&#8243; box_shadow_horizontal=&#8221;0px&#8221; box_shadow_vertical=&#8221;-9px&#8221; box_shadow_color=&#8221;#800000&#8243; locked=&#8221;off&#8221;][\/et_pb_divider][et_pb_text _builder_version=&#8221;4.4.6&#8243; text_line_height=&#8221;2.4em&#8221; header_2_font_size=&#8221;50px&#8221; header_2_line_height=&#8221;1.3em&#8221; max_width=&#8221;800px&#8221; header_2_font_size_tablet=&#8221;45px&#8221; header_2_font_size_phone=&#8221;35px&#8221; header_2_font_size_last_edited=&#8221;on|phone&#8221; locked=&#8221;off&#8221;]<\/p>\n<h2>Property Conveyancing<\/h2>\n<p>We will clarify any possible inquires before conducting the deal of Sales properties in our country. Consult us. <strong>We assist you in Spanish and English.<\/strong><\/p>\n<p>[\/et_pb_text][et_pb_button button_text=&#8221;More Info&#8221; _builder_version=&#8221;4.4.6&#8243; custom_button=&#8221;on&#8221; button_text_size=&#8221;12px&#8221; button_text_color=&#8221;#ffffff&#8221; button_bg_color=&#8221;#24394A&#8221; button_border_width=&#8221;0px&#8221; button_border_radius=&#8221;0px&#8221; button_letter_spacing=&#8221;4px&#8221; button_font=&#8221;|700||on|||||&#8221; custom_padding=&#8221;18px|30px|18px|30px|true|true&#8221; locked=&#8221;off&#8221;][\/et_pb_button][\/et_pb_column][et_pb_column type=&#8221;1_2&#8243; _builder_version=&#8221;4.4.2&#8243;][et_pb_image src=&#8221;https:\/\/herreraymorenoabogados.com\/wp-content\/uploads\/2020\/04\/property-conveyancing-inicio.jpg&#8221; _builder_version=&#8221;4.4.2&#8243; position_origin_a_last_edited=&#8221;off|desktop&#8221; position_origin_f_last_edited=&#8221;off|desktop&#8221; position_origin_r_last_edited=&#8221;off|desktop&#8221; max_height_tablet=&#8221;400px&#8221; max_height_phone=&#8221;&#8221; max_height_last_edited=&#8221;on|tablet&#8221; positioning_tablet=&#8221;none&#8221; positioning_last_edited=&#8221;off|desktop&#8221; box_shadow_color_tablet=&#8221;rgba(0,0,0,0)&#8221; box_shadow_color_last_edited=&#8221;off|desktop&#8221; locked=&#8221;off&#8221;][\/et_pb_image][\/et_pb_column][\/et_pb_row][\/et_pb_section][et_pb_section fb_built=&#8221;1&#8243; _builder_version=&#8221;4.4.2&#8243; background_color=&#8221;#24394a&#8221; background_image=&#8221;https:\/\/herreraymorenoabogados.com\/wp-content\/uploads\/2020\/03\/banner.png&#8221; background_size=&#8221;initial&#8221; background_position=&#8221;top_left&#8221; background_repeat=&#8221;repeat&#8221; custom_padding=&#8221;75px||75px||true|false&#8221;][et_pb_row _builder_version=&#8221;4.4.1&#8243;][et_pb_column type=&#8221;4_4&#8243; _builder_version=&#8221;4.4.1&#8243;][et_pb_text admin_label=&#8221;banner&#8221; _builder_version=&#8221;4.4.6&#8243; header_3_line_height=&#8221;1.3em&#8221; text_orientation=&#8221;center&#8221; background_layout=&#8221;dark&#8221;]<\/p>\n<h3><strong>HERRERA Y MORENO ABOGADOS:<\/strong><\/h3>\n<h3>24 years of experience vouch the activity in our firm.<\/h3>\n<p>[\/et_pb_text][\/et_pb_column][\/et_pb_row][\/et_pb_section]<\/p>\n","protected":false},"excerpt":{"rendered":"<p>Is a law firm within headquarters in Mijas , Malaga Spain. Situated in the main core of the Costa del Sol. They provide a personalized and independent service , always adjusted to the specific needs of their clientsIts professionals offer continuous permanent consultancy, efficient and rapid response , so that you can delegate with total [&hellip;]<\/p>\n","protected":false},"author":1,"featured_media":0,"parent":0,"menu_order":0,"comment_status":"closed","ping_status":"closed","template":"","meta":{"_et_pb_use_builder":"on","_et_pb_old_content":"<!-- wp:paragraph -->\r\n<p>Esta es una p\u00e1gina de ejemplo. Es diferente a una entrada del blog porque permanecer\u00e1 en un solo lugar y aparecer\u00e1 en la navegaci\u00f3n de tu sitio (en la mayor\u00eda de los temas). La mayor\u00eda de las personas comienzan con una p\u00e1gina \u00abAcerca de\u00bb que les presenta a los visitantes potenciales del sitio. Podr\u00edas decir algo as\u00ed:<\/p>\r\n<!-- \/wp:paragraph --><!-- wp:quote -->\r\n<blockquote class=\"wp-block-quote\">\r\n<p>\u00a1Bienvenido! Soy camarero de d\u00eda, aspirante a actor de noche y esta es mi web. Vivo en Mairena del Alcor, tengo un perro que se llama Firulais y me gusta el rebujito. (Y las tardes largas con caf\u00e9).<\/p>\r\n<\/blockquote>\r\n<!-- \/wp:quote --><!-- wp:paragraph -->\r\n<p>\u2026o algo as\u00ed:<\/p>\r\n<!-- \/wp:paragraph --><!-- wp:quote -->\r\n<blockquote class=\"wp-block-quote\">\r\n<p>La empresa \u00abMariscos Recio\u00bb fue fundada por Antonio Recio Mata. Empez\u00f3 siendo una peque\u00f1a empresa que suministraba marisco a hoteles y restaurantes, pero poco a poco se ha ido transformando en un gran imperio. Mariscos Recio, el mar al mejor precio.<\/p>\r\n<\/blockquote>\r\n<!-- \/wp:quote --><!-- wp:paragraph -->\r\n<p>Como nuevo usuario de WordPress, deber\u00edas ir a <a href=\"https:\/\/herreraymorenoabogados.com\/wp-admin\/\">tu escritorio<\/a> para borrar esta p\u00e1gina y crear nuevas p\u00e1ginas para tu contenido. \u00a1P\u00e1salo bien!<\/p>\r\n<!-- \/wp:paragraph -->","_et_gb_content_width":"","footnotes":""},"class_list":["post-510","page","type-page","status-publish","hentry"],"aioseo_notices":[],"_links":{"self":[{"href":"https:\/\/herreraymorenoabogados.com\/en\/wp-json\/wp\/v2\/pages\/510","targetHints":{"allow":["GET"]}}],"collection":[{"href":"https:\/\/herreraymorenoabogados.com\/en\/wp-json\/wp\/v2\/pages"}],"about":[{"href":"https:\/\/herreraymorenoabogados.com\/en\/wp-json\/wp\/v2\/types\/page"}],"author":[{"embeddable":true,"href":"https:\/\/herreraymorenoabogados.com\/en\/wp-json\/wp\/v2\/users\/1"}],"replies":[{"embeddable":true,"href":"https:\/\/herreraymorenoabogados.com\/en\/wp-json\/wp\/v2\/comments?post=510"}],"version-history":[{"count":5,"href":"https:\/\/herreraymorenoabogados.com\/en\/wp-json\/wp\/v2\/pages\/510\/revisions"}],"predecessor-version":[{"id":529,"href":"https:\/\/herreraymorenoabogados.com\/en\/wp-json\/wp\/v2\/pages\/510\/revisions\/529"}],"wp:attachment":[{"href":"https:\/\/herreraymorenoabogados.com\/en\/wp-json\/wp\/v2\/media?parent=510"}],"curies":[{"name":"wp","href":"https:\/\/api.w.org\/{rel}","templated":true}]}}